{"id":328,"date":"2024-12-04T14:19:32","date_gmt":"2024-12-04T14:19:32","guid":{"rendered":"https:\/\/joanjuaneda.com\/nosotros\/"},"modified":"2025-12-22T16:26:36","modified_gmt":"2025-12-22T16:26:36","slug":"nosotros","status":"publish","type":"page","link":"https:\/\/joanjuaneda.com\/ca\/nosotros\/","title":{"rendered":"Nosotros"},"content":{"rendered":"<section class=\"header_about_ecommerce_curvy1_1_1 background-1-dark\" id=\"\" data-block-id=\"69e17eb7198ef69e17eb7198f1\" data-block-name=\"acf\/header-about-ecommerce-curvy1-1-1\" data-post-id=\"328\" data-stable-id=\"block_9acad9c9a121468bd3981c5836a87033\">\r\n    <div class=\"container\">\r\n        <div class=\"row\">\r\n            <div class=\"col col-titulo\">\r\n                                <h1 class=\"tamano1 color-2-headings-light\">Joan Juaneda Segu\u00ed: Asesor\u00eda agr\u00edcola y gesti\u00f3n de cultivos<\/h1>\r\n                                                <div class=\"texto tamano-7-mediumcta color-2-body-light\"><p>Soluciones en manejo de cultivos y plagas agr\u00edcolas<\/p>\n<\/div>\r\n                            <\/div>\r\n            <div class=\"col col-imagen\">\r\n                                <div class=\"imagen\" aria-label=\"\"\r\n                    style=\"background-image:url('https:\/\/joanjuaneda.com\/wp-content\/uploads\/2025\/12\/IMG-20250728-WA0030.jpg');\">\r\n                                        <\/div>\r\n                <\/div>\r\n            <\/div>\r\n        <\/div>\r\n<\/section>\r\n<style>\r\n    .header_about_ecommerce_curvy1_1_1:after {\r\n        content: \"\";\r\n        background: var(--background-1-light);\r\n        width: 100%;\r\n        bottom: -1px;\r\n        left: 0;\r\n        height: 300px;\r\n        position: absolute;\r\n        z-index: 0;\r\n    }\r\n\r\n    .header_about_ecommerce_curvy1_1_1 .col-imagen .imagen {\r\n        height: 737px;\r\n        background-position: center;\r\n        background-repeat: no-repeat;\r\n        border-radius: 30px;\r\n        background-size: cover;\r\n    }\r\n    \r\n    .header_about_ecommerce_curvy1_1_1 {\r\n        padding-top: 260px;\r\n        position: relative;\r\n        padding-bottom: 40px;\r\n    }\r\n\r\n    .header_about_ecommerce_curvy1_1_1 .texto * {\r\n        padding-bottom: 15px;\r\n    }\r\n\r\n    .header_about_ecommerce_curvy1_1_1 .col-imagen {\r\n        margin-top: 125px;\r\n    }\r\n\r\n    .header_about_ecommerce_curvy1_1_1 .texto *:last-child {\r\n        padding-bottom: 0;\r\n    }\r\n\r\n    .header_about_ecommerce_curvy1_1_1 .container {\r\n        position: relative;\r\n        z-index: 1;\r\n    }\r\n\r\n    .header_about_ecommerce_curvy1_1_1 .col-titulo {\r\n        max-width: 1250px;\r\n        margin: 0 auto;\r\n        text-align: center;\r\n    }\r\n\r\n    .header_about_ecommerce_curvy1_1_1 .btn-round {\r\n        border-radius: 60px;\r\n        \/* background: var(--color-boton-3-normal);*\/\r\n        padding: 12px 25px;\r\n        \/*color: var(--color-boton-3-texto-normal);*\/\r\n        display: inline-block;\r\n        min-width: 175px;\r\n        text-align: center;\r\n        text-decoration: none;\r\n    }\r\n    \r\n    .header_about_ecommerce_curvy1_1_1 h1 {\r\n        padding-bottom: 20px;\r\n        max-width: 1205px;\r\n    }\r\n\r\n    @media (max-width:1350px) {\r\n        .header_about_ecommerce_curvy1_1_1 .col-imagen .imagen {\r\n            height: 620px;\r\n        }\r\n    }\r\n\r\n    @media (max-width:1200px) {\r\n        .header_about_ecommerce_curvy1_1_1 .col-imagen .imagen {\r\n            height: 540px;\r\n        }\r\n\r\n        .header_about_ecommerce_curvy1_1_1 {\r\n            padding-top: 180px;\r\n        }\r\n\r\n        .header_about_ecommerce_curvy1_1_1 .col-imagen {\r\n            margin-top: 100px;\r\n        }\r\n    }\r\n\r\n    @media (max-width:992px) {\r\n        .header_about_ecommerce_curvy1_1_1 .col-imagen .imagen {\r\n            height: 450px;\r\n        }\r\n    }\r\n\r\n    @media (max-width:768px) {\r\n        .header_about_ecommerce_curvy1_1_1 .col-imagen .imagen {\r\n            height: 350px;\r\n        }\r\n\r\n        .header_about_ecommerce_curvy1_1_1:after {\r\n            height: 215px;\r\n        }\r\n\r\n        .header_about_ecommerce_curvy1_1_1 {\r\n            padding-top: 100px;\r\n        }\r\n\r\n        .header_about_ecommerce_curvy1_1_1 h1 {\r\n            padding: 35px 0 25px;\r\n            line-height: var(--tamano5-line-height);\r\n            font-size: var(--tamano4-font-size);\r\n        }\r\n\r\n        .header_about_ecommerce_curvy1_1_1 .texto {\r\n            padding-bottom: 20px;\r\n        }\r\n\r\n        .header_about_ecommerce_curvy1_1_1 .col-imagen {\r\n            margin-top: 30px;\r\n        }\r\n    }\r\n\r\n    @media (max-width:575px) {\r\n        .header_about_ecommerce_curvy1_1_1 .col-imagen .imagen {\r\n            height: 275px;\r\n        }\r\n    }\r\n<\/style>\r\n\n\n<section class=\"about_ecommerce_curvy1_1_2 background-1-dark\" data-block-id=\"69e17eb71d62769e17eb71d629\" data-block-name=\"acf\/about-ecommerce-curvy1-1-2\" data-post-id=\"328\" data-stable-id=\"block_757abde92fce9ef0f861e487f3639b65\">\r\n    <div class=\"container\">\r\n        <div class=\"row\">\r\n            <div class=\"col col-titulo\">\r\n                                <h2 class=\"titulo tamano3 color-2-headings-light\">Consultor\u00eda y Asesor\u00eda Agr\u00edcola Especializada<\/h2>\r\n                            <\/div>\r\n            <div class=\"col col-down\">\r\n                \r\n                    <div class=\"textos\">\r\n                                                    <div class=\"texto color-2-body-light tamano7\"><p>En Joan Juaneda Segu\u00ed, ofrecemos asesoramiento t\u00e9cnico especializado para optimizar la salud y producci\u00f3n de tus cultivos agr\u00edcolas, parques y jardines. Nos centramos en la identificaci\u00f3n precisa de plagas, enfermedades y deficiencias nutricionales mediante t\u00e9cnicas de observaci\u00f3n y an\u00e1lisis avanzadas, respetando el ciclo biol\u00f3gico de los organismos. Desarrollamos planes de manejo personalizados considerando el tipo de suelo y clima, mientras nos mantenemos al tanto de las normativas vigentes. Nuestro compromiso es recomendar productos fitosanitarios de manera responsable, priorizando alternativas biol\u00f3gicas y culturales, as\u00ed como ofrecer planes de fertilizaci\u00f3n adecuados a las necesidades espec\u00edficas de tus cultivos, garantizando as\u00ed un rendimiento \u00f3ptimo y sostenible.<\/p>\n<\/div>\r\n                        \r\n                        \r\n                                                    <div class=\"texto color-2-body-light tamano7\"><p>Nuestra gesti\u00f3n integrada de plagas incluye prevenci\u00f3n, monitoreo y control biol\u00f3gico, procurando reducir la dependencia de productos qu\u00edmicos mediante el uso de enemigos naturales. Adem\u00e1s, promovemos la formaci\u00f3n continua a trav\u00e9s de cursos y talleres para agricultores y jardineros, compartiendo las \u00faltimas novedades en pr\u00e1cticas sostenibles. En el \u00e1mbito administrativo, ayudamos en la tramitaci\u00f3n de subvenciones para pr\u00e1cticas agr\u00edcolas sostenibles y elaboramos informes t\u00e9cnicos detallados que respaldan tus decisiones y aseguran el cumplimiento legal. Conf\u00eda en nuestra experiencia para llevar tu proyecto agr\u00edcola al siguiente nivel con soluciones efectivas y sostenibles.<\/p>\n<\/div>\r\n                                            <\/div>\r\n\r\n                                        <div class=\"vermas tamano7 boton-4-texto-normal\">\r\n                        <span class=\"mas tamano7 boton-4-texto-normal\">Llegir m\u00e9s<\/span>\r\n                        <span class=\"menos hide tamano7 boton-4-texto-normal\">Llegir menys<\/span>\r\n                        <svg width=\"13\" height=\"8\" viewBox=\"0 0 13 8\" fill=\"none\" xmlns=\"http:\/\/www.w3.org\/2000\/svg\">\r\n                            <path id=\"Vector 14\" d=\"M1 1L6.5 6.5L12 1\" stroke=\"#2B275C\" stroke-width=\"1.5\" \/>\r\n                        <\/svg>\r\n                    <\/div>\r\n                                                    <\/div>\r\n        <\/div>\r\n    <\/div>\r\n<\/section>\r\n<style>\r\n    .about_ecommerce_curvy1_1_2 .vermas svg path {\r\n        stroke: var(--boton-5-texto-normal);\r\n    }\r\n\r\n    .about_ecommerce_curvy1_1_2 .vermas .hide {\r\n        display: none;\r\n    }\r\n\r\n    .about_ecommerce_curvy1_1_2 .vermas.show svg {\r\n        transform: rotate(180deg);\r\n    }\r\n\r\n    .about_ecommerce_curvy1_1_2 .vermas {\r\n        display: none;\r\n        margin-top: 20px;\r\n        align-items: center;\r\n        gap: 10px;\r\n        cursor: pointer;\r\n    }\r\n\r\n    .about_ecommerce_curvy1_1_2 .vermas span {\r\n        font-weight: var(--tamano5-font-weight);\r\n        color: var(--boton-5-texto-normal);\r\n    }\r\n\r\n    .about_ecommerce_curvy1_1_2 .texto > *:not(:last-child){\r\n        padding-bottom: 20px;\r\n    }\r\n\r\n    .about_ecommerce_curvy1_1_2 h2 {\r\n        padding-bottom: 55px;\r\n        max-width: 900px;\r\n    }\r\n\r\n    .about_ecommerce_curvy1_1_2 .textos .texto {\r\n        width: 50%;\r\n    }\r\n\r\n    .about_ecommerce_curvy1_1_2 .textos {\r\n        display: flex;\r\n        gap: 30px;\r\n        max-width: 1205px;\r\n        margin: 0 auto;\r\n    }\r\n\r\n    .about_ecommerce_curvy1_1_2 {\r\n        position: relative;\r\n        background-position: center;\r\n        background-repeat: no-repeat;\r\n        background-size: cover;\r\n        padding: 81px 150px;\r\n        margin-top: -1px;\r\n    }\r\n\r\n    @media (max-width:1550px) {\r\n        .about_ecommerce_curvy1_1_2 {\r\n            padding-left: 50px;\r\n            padding-right: 50px;\r\n        }\r\n\r\n        .about_ecommerce_curvy1_1_2 .textos {\r\n            max-width: 80%;\r\n        }\r\n    }\r\n\r\n    @media (max-width:1200px) {\r\n        .about_ecommerce_curvy1_1_2 {\r\n            padding-left: 0;\r\n            padding-right: 0;\r\n        }\r\n\r\n        .about_ecommerce_curvy1_1_2 .textos {\r\n            max-width: 100%;\r\n        }\r\n    }\r\n\r\n    @media (max-width:992px) {\r\n        .about_ecommerce_curvy1_1_2 .textos {\r\n            flex-direction: column;\r\n            gap: 20px;\r\n        }\r\n\r\n        .about_ecommerce_curvy1_1_2 .textos .texto {\r\n            width: 100%;\r\n        }\r\n\r\n        .about_ecommerce_curvy1_1_2 h2 {\r\n            padding-bottom: 35px;\r\n            line-height: var(--tamano4-line-height);\r\n        }\r\n\r\n        .about_ecommerce_curvy1_1_2 {\r\n            padding: 40px 0;\r\n        }\r\n    }\r\n\r\n    @media (max-width:768px) {\r\n        .about_ecommerce_curvy1_1_2 .textos .texto:first-child p:not(:first-child),\r\n        .about_ecommerce_curvy1_1_2 .textos .texto:nth-child(2) {\r\n            display: none;\r\n        }\r\n\r\n        .about_ecommerce_curvy1_1_2 .textos .texto:first-child.show p:not(:first-child),\r\n        .about_ecommerce_curvy1_1_2 .textos .texto:nth-child(2).show {\r\n            display: block;\r\n        }\r\n\r\n        .about_ecommerce_curvy1_1_2 .vermas {\r\n            display: flex;\r\n            width: max-content;\r\n        }\r\n\r\n        .about_ecommerce_curvy1_1_2 h2 {\r\n            line-height: var(--tamano5-line-height);\r\n        }\r\n    }\r\n<\/style>\r\n<script>\r\n    jQuery('.about_ecommerce_curvy1_1_2 .vermas').on('click', function() {\r\n        if (window.matchMedia(\"(max-width: 768px)\").matches) {\r\n            jQuery('.about_ecommerce_curvy1_1_2 .texto').toggleClass('show');\r\n            jQuery('.about_ecommerce_curvy1_1_2 .vermas').toggleClass('show');\r\n            jQuery('.about_ecommerce_curvy1_1_2 .vermas span').toggleClass('hide');\r\n        }\r\n    });\r\n<\/script>\r\n","protected":false},"excerpt":{"rendered":"","protected":false},"author":1,"featured_media":0,"parent":0,"menu_order":0,"comment_status":"open","ping_status":"closed","template":"","meta":{"_acf_changed":false,"iawp_total_views":2,"footnotes":""},"class_list":["post-328","page","type-page","status-publish","hentry"],"acf":[],"yoast_head":"<!-- This site is optimized with the Yoast SEO plugin v27.4 - https:\/\/yoast.com\/product\/yoast-seo-wordpress\/ -->\n<title>Joan Juaneda - Asesor\u00eda Agr\u00edcola Experta<\/title>\n<meta name=\"description\" content=\"Optimiza la salud y producci\u00f3n de tus cultivos con asesoramiento experto en manejo de plagas, fertilizaci\u00f3n y pr\u00e1cticas sostenibles para parques y jardines.\" \/>\n<meta name=\"robots\" content=\"index, follow, max-snippet:-1, max-image-preview:large, max-video-preview:-1\" \/>\n<link rel=\"canonical\" href=\"https:\/\/joanjuaneda.com\/ca\/nosotros\/\" \/>\n<meta property=\"og:locale\" content=\"ca_ES\" \/>\n<meta property=\"og:type\" content=\"article\" \/>\n<meta property=\"og:title\" content=\"Joan Juaneda - Asesor\u00eda Agr\u00edcola Experta\" \/>\n<meta property=\"og:description\" content=\"Optimiza la salud y producci\u00f3n de tus cultivos con asesoramiento experto en manejo de plagas, fertilizaci\u00f3n y pr\u00e1cticas sostenibles para parques y jardines.\" \/>\n<meta property=\"og:url\" content=\"https:\/\/joanjuaneda.com\/ca\/nosotros\/\" \/>\n<meta property=\"og:site_name\" content=\"Joan Juaneda Segu\u00ed - Ingeniero Agr\u00edcola\" \/>\n<meta property=\"article:modified_time\" content=\"2025-12-22T16:26:36+00:00\" \/>\n<meta name=\"twitter:card\" content=\"summary_large_image\" \/>\n<!-- \/ Yoast SEO plugin. -->","yoast_head_json":{"title":"Joan Juaneda - Asesor\u00eda Agr\u00edcola Experta","description":"Optimiza la salud y producci\u00f3n de tus cultivos con asesoramiento experto en manejo de plagas, fertilizaci\u00f3n y pr\u00e1cticas sostenibles para parques y jardines.","robots":{"index":"index","follow":"follow","max-snippet":"max-snippet:-1","max-image-preview":"max-image-preview:large","max-video-preview":"max-video-preview:-1"},"canonical":"https:\/\/joanjuaneda.com\/ca\/nosotros\/","og_locale":"ca_ES","og_type":"article","og_title":"Joan Juaneda - Asesor\u00eda Agr\u00edcola Experta","og_description":"Optimiza la salud y producci\u00f3n de tus cultivos con asesoramiento experto en manejo de plagas, fertilizaci\u00f3n y pr\u00e1cticas sostenibles para parques y jardines.","og_url":"https:\/\/joanjuaneda.com\/ca\/nosotros\/","og_site_name":"Joan Juaneda Segu\u00ed - Ingeniero Agr\u00edcola","article_modified_time":"2025-12-22T16:26:36+00:00","twitter_card":"summary_large_image","schema":{"@context":"https:\/\/schema.org","@graph":[{"@type":"WebPage","@id":"https:\/\/joanjuaneda.com\/ca\/nosotros\/","url":"https:\/\/joanjuaneda.com\/ca\/nosotros\/","name":"Joan Juaneda - Asesor\u00eda Agr\u00edcola Experta","isPartOf":{"@id":"https:\/\/joanjuaneda.com\/ca\/#website"},"datePublished":"2024-12-04T14:19:32+00:00","dateModified":"2025-12-22T16:26:36+00:00","description":"Optimiza la salud y producci\u00f3n de tus cultivos con asesoramiento experto en manejo de plagas, fertilizaci\u00f3n y pr\u00e1cticas sostenibles para parques y jardines.","breadcrumb":{"@id":"https:\/\/joanjuaneda.com\/ca\/nosotros\/#breadcrumb"},"inLanguage":"ca","potentialAction":[{"@type":"ReadAction","target":["https:\/\/joanjuaneda.com\/ca\/nosotros\/"]}]},{"@type":"BreadcrumbList","@id":"https:\/\/joanjuaneda.com\/ca\/nosotros\/#breadcrumb","itemListElement":[{"@type":"ListItem","position":1,"name":"Portada","item":"https:\/\/joanjuaneda.com\/ca\/"},{"@type":"ListItem","position":2,"name":"Nosotros"}]},{"@type":"WebSite","@id":"https:\/\/joanjuaneda.com\/ca\/#website","url":"https:\/\/joanjuaneda.com\/ca\/","name":"Joan Juaneda Segu\u00ed - Ingeniero Agr\u00edcola","description":"","publisher":{"@id":"https:\/\/joanjuaneda.com\/ca\/#organization"},"potentialAction":[{"@type":"SearchAction","target":{"@type":"EntryPoint","urlTemplate":"https:\/\/joanjuaneda.com\/ca\/?s={search_term_string}"},"query-input":{"@type":"PropertyValueSpecification","valueRequired":true,"valueName":"search_term_string"}}],"inLanguage":"ca"},{"@type":"Organization","@id":"https:\/\/joanjuaneda.com\/ca\/#organization","name":"Joan Juaneda Segu\u00ed - Ingeniero Agr\u00edcola","url":"https:\/\/joanjuaneda.com\/ca\/","logo":{"@type":"ImageObject","inLanguage":"ca","@id":"https:\/\/joanjuaneda.com\/ca\/#\/schema\/logo\/image\/","url":"https:\/\/joanjuaneda.com\/wp-content\/uploads\/2024\/12\/Leonardo_Phoenix_Disea_un_logotipo_sobrio_y_neutro_para_Joan_J_0.jpg","contentUrl":"https:\/\/joanjuaneda.com\/wp-content\/uploads\/2024\/12\/Leonardo_Phoenix_Disea_un_logotipo_sobrio_y_neutro_para_Joan_J_0.jpg","width":768,"height":768,"caption":"Joan Juaneda Segu\u00ed - Ingeniero Agr\u00edcola"},"image":{"@id":"https:\/\/joanjuaneda.com\/ca\/#\/schema\/logo\/image\/"}}]}},"_links":{"self":[{"href":"https:\/\/joanjuaneda.com\/ca\/wp-json\/wp\/v2\/pages\/328","targetHints":{"allow":["GET"]}}],"collection":[{"href":"https:\/\/joanjuaneda.com\/ca\/wp-json\/wp\/v2\/pages"}],"about":[{"href":"https:\/\/joanjuaneda.com\/ca\/wp-json\/wp\/v2\/types\/page"}],"author":[{"embeddable":true,"href":"https:\/\/joanjuaneda.com\/ca\/wp-json\/wp\/v2\/users\/1"}],"replies":[{"embeddable":true,"href":"https:\/\/joanjuaneda.com\/ca\/wp-json\/wp\/v2\/comments?post=328"}],"version-history":[{"count":3,"href":"https:\/\/joanjuaneda.com\/ca\/wp-json\/wp\/v2\/pages\/328\/revisions"}],"predecessor-version":[{"id":750,"href":"https:\/\/joanjuaneda.com\/ca\/wp-json\/wp\/v2\/pages\/328\/revisions\/750"}],"wp:attachment":[{"href":"https:\/\/joanjuaneda.com\/ca\/wp-json\/wp\/v2\/media?parent=328"}],"curies":[{"name":"wp","href":"https:\/\/api.w.org\/{rel}","templated":true}]}}